{"id":13,"date":"2013-01-15T18:09:12","date_gmt":"2013-01-15T17:09:12","guid":{"rendered":"http:\/\/www.yanndereuddre.fr\/?page_id=13"},"modified":"2013-04-03T17:34:08","modified_gmt":"2013-04-03T16:34:08","slug":"portefolio","status":"publish","type":"page","link":"http:\/\/www.yanndereuddre.fr\/?page_id=13","title":{"rendered":"Portfolio"},"content":{"rendered":"<p style=\"text-align: center;\"><strong><a href=\"http:\/\/www.yanndereuddre.fr\/wp-content\/uploads\/2013\/03\/barre_separation.png\" rel=\"gallery_group\"><img loading=\"lazy\" decoding=\"async\" class=\"aligncenter\" alt=\"barre_separation\" src=\"http:\/\/www.yanndereuddre.fr\/wp-content\/uploads\/2013\/03\/barre_separation.png\" width=\"506\" height=\"3\" \/><\/a><\/strong><\/p>\n<p><span style=\"font-size: x-large;\"><strong><span style=\"color: #859c0e;\">Projets \u00ab\u00a0Cinq Minutes\u00a0\u00bb<\/span><\/strong><\/span><br \/>\nPetite pr\u00e9sentation de projets \u00ab\u00a0passe temps\u00a0\u00bb.<\/p>\n\r\n\t<ul id=\"slideshowgallery1547\" class=\"slideshowgallery1547\" style=\"display:none;\">\r\n\t\t\t\t\t<!-- From all slides or gallery slides -->\r\n\t\t\t\t\t\t\t\r\n\t\t\t\t<li>\r\n\t\t\t\t\t<h3 style=\"opacity:70;\">Patch vid\u00e9o en origami<\/h3>\r\n\t\t\t\t\t\t\t\t\t\t\t<span>http:\/\/www.yanndereuddre.fr\/wp-content\/uploads\/slideshow-gallery\/patch vid\u00e9o origami.jpg<\/span>\r\n\t\t\t\t\t\t\t\t\t\t<p><\/p>\r\n\t\t\t\t\t\t\t\t\t\t\t\t\t\t\t\t\t\t<a href=\"http:\/\/www.yanndereuddre.fr\/wp-content\/uploads\/slideshow-gallery\/patch vid\u00e9o origami.jpg\" rel=\"gallery_group\" id=\"gallery1547imglink12\" class=\"colorboxslideshowgallery1547\" rel=\"slideshowgallery1547overlay\" target=\"_self\" title=\"Patch vid\u00e9o en origami\"><img decoding=\"async\" src=\"http:\/\/www.yanndereuddre.fr\/wp-content\/uploads\/bfi_thumb\/patch vid\u00e9o origami-2uaka83qvajpoa1vq9i2ve.jpg\" alt=\"patch-vido-en-origami\" \/><\/a>\r\n\t\t\t\t\t\t\t\t\t\t\t\t\t\t\t<\/li>\r\n\t\t\t\t\t\t\t\r\n\t\t\t\t<li>\r\n\t\t\t\t\t<h3 style=\"opacity:70;\">Daft Punk club<\/h3>\r\n\t\t\t\t\t\t\t\t\t\t\t<span>http:\/\/www.yanndereuddre.fr\/wp-content\/uploads\/slideshow-gallery\/daft club.jpg<\/span>\r\n\t\t\t\t\t\t\t\t\t\t<p><\/p>\r\n\t\t\t\t\t\t\t\t\t\t\t\t\t\t\t\t\t\t<a href=\"http:\/\/www.yanndereuddre.fr\/wp-content\/uploads\/slideshow-gallery\/daft club.jpg\" rel=\"gallery_group\" id=\"gallery1547imglink13\" class=\"colorboxslideshowgallery1547\" rel=\"slideshowgallery1547overlay\" target=\"_self\" title=\"Daft Punk club\"><img decoding=\"async\" src=\"http:\/\/www.yanndereuddre.fr\/wp-content\/uploads\/bfi_thumb\/daft club-2uhbv3u2iqx2tqvt20omiy.jpg\" alt=\"daft-punk-club\" \/><\/a>\r\n\t\t\t\t\t\t\t\t\t\t\t\t\t\t\t<\/li>\r\n\t\t\t\t\t\t\t\r\n\t\t\t\t<li>\r\n\t\t\t\t\t<h3 style=\"opacity:70;\">cardboard boy<\/h3>\r\n\t\t\t\t\t\t\t\t\t\t\t<span>http:\/\/www.yanndereuddre.fr\/wp-content\/uploads\/slideshow-gallery\/personnage-carton-final-v2.jpg<\/span>\r\n\t\t\t\t\t\t\t\t\t\t<p><\/p>\r\n\t\t\t\t\t\t\t\t\t\t\t\t\t\t\t\t\t\t<a href=\"http:\/\/www.yanndereuddre.fr\/wp-content\/uploads\/slideshow-gallery\/personnage-carton-final-v2.jpg\" rel=\"gallery_group\" id=\"gallery1547imglink14\" class=\"colorboxslideshowgallery1547\" rel=\"slideshowgallery1547overlay\" target=\"_self\" title=\"cardboard boy\"><img decoding=\"async\" src=\"http:\/\/www.yanndereuddre.fr\/wp-content\/uploads\/slideshow-gallery\/personnage-carton-final-v2.jpg\" alt=\"cardboard-boy\" \/><\/a>\r\n\t\t\t\t\t\t\t\t\t\t\t\t\t\t\t<\/li>\r\n\t\t\t\t\t\t\t\r\n\t\t\t\t<li>\r\n\t\t\t\t\t<h3 style=\"opacity:70;\">T'as d'beaux yeux, tu sais !<\/h3>\r\n\t\t\t\t\t\t\t\t\t\t\t<span>http:\/\/www.yanndereuddre.fr\/wp-content\/uploads\/slideshow-gallery\/eyes.jpg<\/span>\r\n\t\t\t\t\t\t\t\t\t\t<p><\/p>\r\n\t\t\t\t\t\t\t\t\t\t\t\t\t\t\t\t\t\t<a href=\"http:\/\/www.yanndereuddre.fr\/wp-content\/uploads\/slideshow-gallery\/eyes.jpg\" rel=\"gallery_group\" id=\"gallery1547imglink11\" class=\"colorboxslideshowgallery1547\" rel=\"slideshowgallery1547overlay\" target=\"_self\" title=\"T'as d'beaux yeux, tu sais !\"><img decoding=\"async\" src=\"http:\/\/www.yanndereuddre.fr\/wp-content\/uploads\/bfi_thumb\/eyes-2ttutd983mfaocfjmzy6fe.jpg\" alt=\"tas-dbeaux-yeux-tu-sais-\" \/><\/a>\r\n\t\t\t\t\t\t\t\t\t\t\t\t\t\t\t<\/li>\r\n\t\t\t\t\t\t\t\r\n\t\t\t\t<li>\r\n\t\t\t\t\t<h3 style=\"opacity:70;\">25 points<\/h3>\r\n\t\t\t\t\t\t\t\t\t\t\t<span>http:\/\/www.yanndereuddre.fr\/wp-content\/uploads\/slideshow-gallery\/25 points.jpg<\/span>\r\n\t\t\t\t\t\t\t\t\t\t<p><\/p>\r\n\t\t\t\t\t\t\t\t\t\t\t\t\t\t\t\t\t\t<a href=\"http:\/\/www.yanndereuddre.fr\/wp-content\/uploads\/slideshow-gallery\/25 points.jpg\" rel=\"gallery_group\" id=\"gallery1547imglink10\" class=\"colorboxslideshowgallery1547\" rel=\"slideshowgallery1547overlay\" target=\"_self\" title=\"25 points\"><img decoding=\"async\" src=\"http:\/\/www.yanndereuddre.fr\/wp-content\/uploads\/bfi_thumb\/25 points-2tr3doz02coyxb89cy598q.jpg\" alt=\"25-points\" \/><\/a>\r\n\t\t\t\t\t\t\t\t\t\t\t\t\t\t\t<\/li>\r\n\t\t\t\t\t\t\t\r\n\t\t\t\t<li>\r\n\t\t\t\t\t<h3 style=\"opacity:70;\">je suis ICI<\/h3>\r\n\t\t\t\t\t\t\t\t\t\t\t<span>http:\/\/www.yanndereuddre.fr\/wp-content\/uploads\/slideshow-gallery\/carte C4D.jpg<\/span>\r\n\t\t\t\t\t\t\t\t\t\t<p><\/p>\r\n\t\t\t\t\t\t\t\t\t\t\t\t\t\t\t\t\t\t<a href=\"http:\/\/www.yanndereuddre.fr\/wp-content\/uploads\/slideshow-gallery\/carte C4D.jpg\" rel=\"gallery_group\" id=\"gallery1547imglink8\" class=\"colorboxslideshowgallery1547\" rel=\"slideshowgallery1547overlay\" target=\"_self\" title=\"je suis ICI\"><img decoding=\"async\" src=\"http:\/\/www.yanndereuddre.fr\/wp-content\/uploads\/bfi_thumb\/carte C4D-2tqnmzocmfosoj50w2oe8a.jpg\" alt=\"je-suis-ici\" \/><\/a>\r\n\t\t\t\t\t\t\t\t\t\t\t\t\t\t\t<\/li>\r\n\t\t\t\t\t\t\t\r\n\t\t\t\t<li>\r\n\t\t\t\t\t<h3 style=\"opacity:70;\">stickmen<\/h3>\r\n\t\t\t\t\t\t\t\t\t\t\t<span>http:\/\/www.yanndereuddre.fr\/wp-content\/uploads\/slideshow-gallery\/stickmen.jpg<\/span>\r\n\t\t\t\t\t\t\t\t\t\t<p><\/p>\r\n\t\t\t\t\t\t\t\t\t\t\t\t\t\t\t\t\t\t<a href=\"http:\/\/www.yanndereuddre.fr\/wp-content\/uploads\/slideshow-gallery\/stickmen.jpg\" rel=\"gallery_group\" id=\"gallery1547imglink7\" class=\"colorboxslideshowgallery1547\" rel=\"slideshowgallery1547overlay\" target=\"_blank\" title=\"stickmen\"><img decoding=\"async\" src=\"http:\/\/www.yanndereuddre.fr\/wp-content\/uploads\/bfi_thumb\/stickmen-2tqkw7farfy33ho6bp0bnu.jpg\" alt=\"stickmen\" \/><\/a>\r\n\t\t\t\t\t\t\t\t\t\t\t\t\t\t\t<\/li>\r\n\t\t\t\t\t\t\t\r\n\t\t\t\t<li>\r\n\t\t\t\t\t<h3 style=\"opacity:70;\">smiley<\/h3>\r\n\t\t\t\t\t\t\t\t\t\t\t<span>http:\/\/www.yanndereuddre.fr\/wp-content\/uploads\/slideshow-gallery\/smiley.jpg<\/span>\r\n\t\t\t\t\t\t\t\t\t\t<p><\/p>\r\n\t\t\t\t\t\t\t\t\t\t\t\t\t\t\t\t\t\t<a href=\"http:\/\/www.yanndereuddre.fr\/wp-content\/uploads\/slideshow-gallery\/smiley.jpg\" rel=\"gallery_group\" id=\"gallery1547imglink9\" class=\"colorboxslideshowgallery1547\" rel=\"slideshowgallery1547overlay\" target=\"_self\" title=\"smiley\"><img decoding=\"async\" src=\"http:\/\/www.yanndereuddre.fr\/wp-content\/uploads\/bfi_thumb\/smiley-2tqnn3g1v7og1zj6g282dm.jpg\" alt=\"smiley\" \/><\/a>\r\n\t\t\t\t\t\t\t\t\t\t\t\t\t\t\t<\/li>\r\n\t\t\t\t\t\t\t\r\n\t\t\t\t<li>\r\n\t\t\t\t\t<h3 style=\"opacity:70;\">travers\u00e9e de pi\u00e9ton<\/h3>\r\n\t\t\t\t\t\t\t\t\t\t\t<span>http:\/\/www.yanndereuddre.fr\/wp-content\/uploads\/slideshow-gallery\/traversee de pietons.jpg<\/span>\r\n\t\t\t\t\t\t\t\t\t\t<p><\/p>\r\n\t\t\t\t\t\t\t\t\t\t\t\t\t\t\t\t\t\t<a href=\"http:\/\/www.yanndereuddre.fr\/wp-content\/uploads\/slideshow-gallery\/traversee de pietons.jpg\" rel=\"gallery_group\" id=\"gallery1547imglink1\" class=\"colorboxslideshowgallery1547\" rel=\"slideshowgallery1547overlay\" target=\"_self\" title=\"travers\u00e9e de pi\u00e9ton\"><img decoding=\"async\" src=\"http:\/\/www.yanndereuddre.fr\/wp-content\/uploads\/bfi_thumb\/traversee de pietons-2tqkwictywbgvpm0u23dai.jpg\" alt=\"traverse-de-piton\" \/><\/a>\r\n\t\t\t\t\t\t\t\t\t\t\t\t\t\t\t<\/li>\r\n\t\t\t\t\t\t\t\r\n\t\t\t\t<li>\r\n\t\t\t\t\t<h3 style=\"opacity:70;\">woman VS man<\/h3>\r\n\t\t\t\t\t\t\t\t\t\t\t<span>http:\/\/www.yanndereuddre.fr\/wp-content\/uploads\/slideshow-gallery\/whater closed stickmen.jpg<\/span>\r\n\t\t\t\t\t\t\t\t\t\t<p><\/p>\r\n\t\t\t\t\t\t\t\t\t\t\t\t\t\t\t\t\t\t<a href=\"http:\/\/www.yanndereuddre.fr\/wp-content\/uploads\/slideshow-gallery\/whater closed stickmen.jpg\" rel=\"gallery_group\" id=\"gallery1547imglink2\" class=\"colorboxslideshowgallery1547\" rel=\"slideshowgallery1547overlay\" target=\"_self\" title=\"woman VS man\"><img decoding=\"async\" src=\"http:\/\/www.yanndereuddre.fr\/wp-content\/uploads\/bfi_thumb\/whater closed stickmen-2tqkw2rxmm849p1x2n62a2.jpg\" alt=\"woman-vs-man\" \/><\/a>\r\n\t\t\t\t\t\t\t\t\t\t\t\t\t\t\t<\/li>\r\n\t\t\t\t\t\t<\/ul>\r\n\t\r\n\t<div id=\"slideshow-wrappergallery1547\" class=\"slideshow-wrapper\">\r\n\t\t\t\r\n\t\t<div class=\"slideshow-fullsize\" id=\"fullsizegallery1547\">\r\n\t\t\t\t\t\t\t\t\t\t\t\t\t\t<div id=\"imgprevgallery1547\" class=\"slideshow-imgprev imgnav\" title=\"Previous Image\">Previous Image<\/div>\r\n\t\t\t\t\t\t<a id=\"imglinkgallery1547\" class=\"slideshow-imglink imglink\"><!-- link --><\/a>\r\n\t\t\t\t\t\t\t\t\t\t\t<div id=\"imgnextgallery1547\" class=\"slideshow-imgnext imgnav\" title=\"Next Image\">Next Image<\/div>\r\n\t\t\t\t\t\t<div id=\"imagegallery1547\" class=\"slideshow-image\"><\/div>\r\n\t\t\t\t\t\t\t<div class=\"slideshow-information\" id=\"informationgallery1547\">\r\n\t\t\t\t\t<h3 class=\"slideshow-info-heading\">info heading<\/h3>\r\n\t\t\t\t\t<p class=\"slideshow-info-content\">info content<\/p>\r\n\t\t\t\t<\/div>\r\n\t\t\t\t\t<\/div>\r\n\t\t\r\n\t\t\t\t\t<div id=\"thumbnailsgallery1547\" class=\"slideshow-thumbnails thumbsbot\">\r\n\t\t\t\t<div class=\"slideshow-slideleft\" id=\"slideleftgallery1547\" title=\"Slide Left\"><\/div>\r\n\t\t\t\t<div class=\"slideshow-slidearea\" id=\"slideareagallery1547\">\r\n\t\t\t\t\t<div class=\"slideshow-slider\" id=\"slidergallery1547\"><\/div>\r\n\t\t\t\t<\/div>\r\n\t\t\t\t<div class=\"slideshow-slideright\" id=\"sliderightgallery1547\" title=\"Slide Right\"><\/div>\r\n\t\t\t\t<br style=\"clear:both; visibility:hidden; height:1px;\" \/>\r\n\t\t\t<\/div>\r\n\t\t\t<\/div>\r\n\t\r\n\t<!-- Slideshow Gallery Javascript BEG -->\t\r\n\t<script type=\"text\/javascript\">\r\n\tjQuery.noConflict();\r\n\ttid('slideshowgallery1547').style.display = \"none\";\r\n\ttid('slideshow-wrappergallery1547').style.display = 'block';\r\n\ttid('slideshow-wrappergallery1547').style.visibility = 'hidden';\r\n\tjQuery(\"#fullsizegallery1547\").append('<div id=\"spinnergallery1547\"><img decoding=\"async\" src=\"http:\/\/www.yanndereuddre.fr\/wp-content\/plugins\/slideshow-gallery\/images\/spinner.gif\"><\/div>');\r\n\ttid('spinnergallery1547').style.visibility = 'visible';\r\n\r\n\tvar slideshowgallery1547 = new TINY.slideshow(\"slideshowgallery1547\");\r\n\tjQuery(document).ready(function() {\r\n\t\tslideshowgallery1547.auto = true;\t\tslideshowgallery1547.speed = 10;\r\n\t\tslideshowgallery1547.effect = \"fade\";\r\n\t\tslideshowgallery1547.slide_direction = \"lr\";\r\n\t\tslideshowgallery1547.easing = \"swing\";\r\n\t\tslideshowgallery1547.alwaysauto = true;\r\n\t\tslideshowgallery1547.autoheight = false;\r\n\t\tslideshowgallery1547.imgSpeed = 10;\r\n\t\tslideshowgallery1547.navOpacity = 25;\r\n\t\tslideshowgallery1547.navHover = 70;\r\n\t\tslideshowgallery1547.letterbox = \"#000000\";\r\n\t\tslideshowgallery1547.linkclass = \"linkhover\";\r\n\t\tslideshowgallery1547.imagesid = \"imagesgallery1547\";\r\n\t\tslideshowgallery1547.info = \"informationgallery1547\";\r\n\t\tslideshowgallery1547.infoSpeed = 10;\r\n\t\tslideshowgallery1547.thumbs = \"slidergallery1547\";\r\n\t\tslideshowgallery1547.thumbOpacity = 70;\r\n\t\tslideshowgallery1547.left = \"slideleftgallery1547\";\r\n\t\tslideshowgallery1547.right = \"sliderightgallery1547\";\r\n\t\tslideshowgallery1547.scrollSpeed = 5;\r\n\t\tslideshowgallery1547.spacing = 5;\r\n\t\tslideshowgallery1547.active = \"\";\r\n\t\tslideshowgallery1547.imagesthickbox = \"true\";\r\n\t\tjQuery(\"#spinnergallery1547\").remove();\r\n\t\tslideshowgallery1547.init(\"slideshowgallery1547\",\"imagegallery1547\",\"imgprevgallery1547\",\"imgnextgallery1547\",\"imglinkgallery1547\");\r\n\t\ttid('slideshow-wrappergallery1547').style.visibility = 'visible';\r\n\t\tjQuery(window).trigger('resize');\r\n\t});\r\n\t\r\n\t\t<\/script>\r\n\t\r\n\t<!-- Slideshow Gallery Javascript END --><!-- Slideshow Gallery CSS BEG -->\t\r\n\t\t\r\n\t<link rel=\"stylesheet\" property=\"stylesheet\" href=\"http:\/\/www.yanndereuddre.fr\/wp-content\/plugins\/slideshow-gallery\/views\/default\/css.php?resizeimages=N&amp;width=960&amp;height=590&amp;border=1px+solid+%23CCCCCC&amp;background=%23000000&amp;infobackground=%23000000&amp;infocolor=%23FFFFFF&amp;unique=gallery1547&amp;wrapperid=slideshow-wrappergallery1547&amp;autoheight=false&amp;thumbwidth=100&amp;thumbheight=75&amp;sliderwidth=1110&amp;infohideonmobile=1\" type=\"text\/css\" media=\"all\" \/>\r\n\t\r\n\t<!--[if IE 6]>\r\n\t<style type=\"text\/css\">\r\n\t.imglink, #imglink { display: none !important; }\r\n\t.linkhover { display: none !important; }\r\n\t<\/style>\r\n\t<![endif]-->\r\n\t\r\n\t<!-- Slideshow Gallery CSS END -->\n<p>&nbsp;<\/p>\n<p style=\"text-align: center;\"><strong><a href=\"http:\/\/www.yanndereuddre.fr\/wp-content\/uploads\/2013\/03\/barre_separation.png\" rel=\"gallery_group\"><img loading=\"lazy\" decoding=\"async\" class=\"aligncenter\" alt=\"barre_separation\" src=\"http:\/\/www.yanndereuddre.fr\/wp-content\/uploads\/2013\/03\/barre_separation.png\" width=\"506\" height=\"3\" \/><\/a><\/strong><\/p>\n<p><span style=\"font-size: x-large;\"><strong><span style=\"color: #859c0e;\">Vid\u00e9oWorks<\/span><\/strong><\/span><br \/>\n\u00c9chantillon de mon travail vid\u00e9o, g\u00e9n\u00e9riques, \u00a0captations, r\u00e9alisations, etc&#8230;<\/p>\n        <div class=\"vimeography-error\">\n          <h2>This video gallery couldn't be loaded.<\/h2>\n          <p>the request to Vimeo failed. the plugin could not retrieve data from the Vimeo API! This resource is restricted in your region.<\/p>\n        <\/div>\n\n        <style>\n          .vimeography-error {\n            background-color: rgba(255, 255, 255, 0.25);\n            max-width: 500px;\n            margin: 0 auto 2rem;\n            text-align: center;\n            border-radius: 4px;\n            padding: 1rem;\n            box-shadow: 0 2px 5px rgba(0, 0, 0, 0.05);\n          }\n\n          .vimeography-error h2 {\n            font-size: 1.3rem;\n          }\n        <\/style>\n      \n<p>&nbsp;<\/p>\n<p><strong><a href=\"http:\/\/www.yanndereuddre.fr\/wp-content\/uploads\/2013\/03\/barre_separation.png\" rel=\"gallery_group\"><img loading=\"lazy\" decoding=\"async\" class=\"aligncenter\" alt=\"barre_separation\" src=\"http:\/\/www.yanndereuddre.fr\/wp-content\/uploads\/2013\/03\/barre_separation.png\" width=\"506\" height=\"3\" \/><\/a><\/strong><\/p>\n","protected":false},"excerpt":{"rendered":"<p>Projets \u00ab\u00a0Cinq Minutes\u00a0\u00bb Petite pr\u00e9sentation de projets \u00ab\u00a0passe temps\u00a0\u00bb. &nbsp; Vid\u00e9oWorks \u00c9chantillon de mon travail vid\u00e9o, g\u00e9n\u00e9riques, \u00a0captations, r\u00e9alisations, etc&#8230; &nbsp;<\/p>\n","protected":false},"author":1,"featured_media":0,"parent":0,"menu_order":0,"comment_status":"closed","ping_status":"closed","template":"page-templates\/template-full-width.php","meta":{"footnotes":""},"class_list":["post-13","page","type-page","status-publish","hentry","has_thumb"],"_links":{"self":[{"href":"http:\/\/www.yanndereuddre.fr\/index.php?rest_route=\/wp\/v2\/pages\/13","targetHints":{"allow":["GET"]}}],"collection":[{"href":"http:\/\/www.yanndereuddre.fr\/index.php?rest_route=\/wp\/v2\/pages"}],"about":[{"href":"http:\/\/www.yanndereuddre.fr\/index.php?rest_route=\/wp\/v2\/types\/page"}],"author":[{"embeddable":true,"href":"http:\/\/www.yanndereuddre.fr\/index.php?rest_route=\/wp\/v2\/users\/1"}],"replies":[{"embeddable":true,"href":"http:\/\/www.yanndereuddre.fr\/index.php?rest_route=%2Fwp%2Fv2%2Fcomments&post=13"}],"version-history":[{"count":34,"href":"http:\/\/www.yanndereuddre.fr\/index.php?rest_route=\/wp\/v2\/pages\/13\/revisions"}],"predecessor-version":[{"id":300,"href":"http:\/\/www.yanndereuddre.fr\/index.php?rest_route=\/wp\/v2\/pages\/13\/revisions\/300"}],"wp:attachment":[{"href":"http:\/\/www.yanndereuddre.fr\/index.php?rest_route=%2Fwp%2Fv2%2Fmedia&parent=13"}],"curies":[{"name":"wp","href":"https:\/\/api.w.org\/{rel}","templated":true}]}}